{"id":9,"date":"2026-01-19T13:45:14","date_gmt":"2026-01-19T13:45:14","guid":{"rendered":"https:\/\/eascholarships.se\/front_page\/"},"modified":"2026-03-19T13:55:12","modified_gmt":"2026-03-19T13:55:12","slug":"hem","status":"publish","type":"page","link":"https:\/\/eascholarships.se\/en\/","title":{"rendered":"Hem"},"content":{"rendered":"","protected":false},"excerpt":{"rendered":"","protected":false},"author":1,"featured_media":0,"parent":0,"menu_order":0,"comment_status":"closed","ping_status":"closed","template":"","meta":{"saved_in_kubio":true,"footnotes":""},"class_list":["post-9","page","type-page","status-publish","hentry"],"kubio_ai_page_context":{"short_desc":"","purpose":"general","isFrontPage":true},"yoast_head":"<!-- This site is optimized with the Yoast SEO plugin v26.8 - https:\/\/yoast.com\/product\/yoast-seo-wordpress\/ -->\n<title>Hem - eascholarships<\/title>\n<meta name=\"description\" content=\"Experter inom collegerekrytering. Vi hj\u00e4lper dig hitta stipendier p\u00e5 college i USA d\u00e4r du kan kombinera sporten du \u00e4lskar med en kandidatexamen.\" \/>\n<meta name=\"robots\" content=\"index, follow, max-snippet:-1, max-image-preview:large, max-video-preview:-1\" \/>\n<link rel=\"canonical\" href=\"https:\/\/eascholarships.se\/en\/\" \/>\n<meta property=\"og:locale\" content=\"en_US\" \/>\n<meta property=\"og:type\" content=\"article\" \/>\n<meta property=\"og:title\" content=\"Hem - eascholarships\" \/>\n<meta property=\"og:description\" content=\"Experter inom collegerekrytering. Vi hj\u00e4lper dig hitta stipendier p\u00e5 college i USA d\u00e4r du kan kombinera sporten du \u00e4lskar med en kandidatexamen.\" \/>\n<meta property=\"og:url\" content=\"https:\/\/eascholarships.se\/en\/\" \/>\n<meta property=\"og:site_name\" content=\"eascholarships\" \/>\n<meta property=\"article:publisher\" content=\"https:\/\/www.facebook.com\/profile.php?id=61561901686931\" \/>\n<meta property=\"article:modified_time\" content=\"2026-03-19T13:55:12+00:00\" \/>\n<meta name=\"twitter:card\" content=\"summary_large_image\" \/>\n<script type=\"application\/ld+json\" class=\"yoast-schema-graph\">{\"@context\":\"https:\/\/schema.org\",\"@graph\":[{\"@type\":\"WebPage\",\"@id\":\"https:\/\/eascholarships.se\/\",\"url\":\"https:\/\/eascholarships.se\/\",\"name\":\"Hem - eascholarships\",\"isPartOf\":{\"@id\":\"https:\/\/eascholarships.se\/#website\"},\"datePublished\":\"2026-01-19T13:45:14+00:00\",\"dateModified\":\"2026-03-19T13:55:12+00:00\",\"description\":\"Experter inom collegerekrytering. Vi hj\u00e4lper dig hitta stipendier p\u00e5 college i USA d\u00e4r du kan kombinera sporten du \u00e4lskar med en kandidatexamen.\",\"breadcrumb\":{\"@id\":\"https:\/\/eascholarships.se\/#breadcrumb\"},\"inLanguage\":\"en-US\",\"potentialAction\":[{\"@type\":\"ReadAction\",\"target\":[\"https:\/\/eascholarships.se\/\"]}]},{\"@type\":\"BreadcrumbList\",\"@id\":\"https:\/\/eascholarships.se\/#breadcrumb\",\"itemListElement\":[{\"@type\":\"ListItem\",\"position\":1,\"name\":\"Hem\",\"item\":\"https:\/\/eascholarships.se\/\"},{\"@type\":\"ListItem\",\"position\":2,\"name\":\"Hem\"}]},{\"@type\":\"WebSite\",\"@id\":\"https:\/\/eascholarships.se\/#website\",\"url\":\"https:\/\/eascholarships.se\/\",\"name\":\"eascholarships\",\"description\":\"Where dreams, education, and sports come together\",\"publisher\":{\"@id\":\"https:\/\/eascholarships.se\/#organization\"},\"potentialAction\":[{\"@type\":\"SearchAction\",\"target\":{\"@type\":\"EntryPoint\",\"urlTemplate\":\"https:\/\/eascholarships.se\/?s={search_term_string}\"},\"query-input\":{\"@type\":\"PropertyValueSpecification\",\"valueRequired\":true,\"valueName\":\"search_term_string\"}}],\"inLanguage\":\"en-US\"},{\"@type\":\"Organization\",\"@id\":\"https:\/\/eascholarships.se\/#organization\",\"name\":\"eascholarships\",\"url\":\"https:\/\/eascholarships.se\/\",\"logo\":{\"@type\":\"ImageObject\",\"inLanguage\":\"en-US\",\"@id\":\"https:\/\/eascholarships.se\/#\/schema\/logo\/image\/\",\"url\":\"https:\/\/eascholarships.se\/wp-content\/uploads\/2026\/02\/EAS-Logo-PNG-1.png\",\"contentUrl\":\"https:\/\/eascholarships.se\/wp-content\/uploads\/2026\/02\/EAS-Logo-PNG-1.png\",\"width\":1024,\"height\":1024,\"caption\":\"eascholarships\"},\"image\":{\"@id\":\"https:\/\/eascholarships.se\/#\/schema\/logo\/image\/\"},\"sameAs\":[\"https:\/\/www.facebook.com\/profile.php?id=61561901686931\"]}]}<\/script>\n<!-- \/ Yoast SEO plugin. -->","yoast_head_json":{"title":"Hem - eascholarships","description":"Experter inom collegerekrytering. Vi hj\u00e4lper dig hitta stipendier p\u00e5 college i USA d\u00e4r du kan kombinera sporten du \u00e4lskar med en kandidatexamen.","robots":{"index":"index","follow":"follow","max-snippet":"max-snippet:-1","max-image-preview":"max-image-preview:large","max-video-preview":"max-video-preview:-1"},"canonical":"https:\/\/eascholarships.se\/en\/","og_locale":"en_US","og_type":"article","og_title":"Hem - eascholarships","og_description":"Experter inom collegerekrytering. Vi hj\u00e4lper dig hitta stipendier p\u00e5 college i USA d\u00e4r du kan kombinera sporten du \u00e4lskar med en kandidatexamen.","og_url":"https:\/\/eascholarships.se\/en\/","og_site_name":"eascholarships","article_publisher":"https:\/\/www.facebook.com\/profile.php?id=61561901686931","article_modified_time":"2026-03-19T13:55:12+00:00","twitter_card":"summary_large_image","schema":{"@context":"https:\/\/schema.org","@graph":[{"@type":"WebPage","@id":"https:\/\/eascholarships.se\/","url":"https:\/\/eascholarships.se\/","name":"Hem - eascholarships","isPartOf":{"@id":"https:\/\/eascholarships.se\/#website"},"datePublished":"2026-01-19T13:45:14+00:00","dateModified":"2026-03-19T13:55:12+00:00","description":"Experter inom collegerekrytering. Vi hj\u00e4lper dig hitta stipendier p\u00e5 college i USA d\u00e4r du kan kombinera sporten du \u00e4lskar med en kandidatexamen.","breadcrumb":{"@id":"https:\/\/eascholarships.se\/#breadcrumb"},"inLanguage":"en-US","potentialAction":[{"@type":"ReadAction","target":["https:\/\/eascholarships.se\/"]}]},{"@type":"BreadcrumbList","@id":"https:\/\/eascholarships.se\/#breadcrumb","itemListElement":[{"@type":"ListItem","position":1,"name":"Hem","item":"https:\/\/eascholarships.se\/"},{"@type":"ListItem","position":2,"name":"Hem"}]},{"@type":"WebSite","@id":"https:\/\/eascholarships.se\/#website","url":"https:\/\/eascholarships.se\/","name":"eascholarships","description":"Where dreams, education, and sports come together","publisher":{"@id":"https:\/\/eascholarships.se\/#organization"},"potentialAction":[{"@type":"SearchAction","target":{"@type":"EntryPoint","urlTemplate":"https:\/\/eascholarships.se\/?s={search_term_string}"},"query-input":{"@type":"PropertyValueSpecification","valueRequired":true,"valueName":"search_term_string"}}],"inLanguage":"en-US"},{"@type":"Organization","@id":"https:\/\/eascholarships.se\/#organization","name":"eascholarships","url":"https:\/\/eascholarships.se\/","logo":{"@type":"ImageObject","inLanguage":"en-US","@id":"https:\/\/eascholarships.se\/#\/schema\/logo\/image\/","url":"https:\/\/eascholarships.se\/wp-content\/uploads\/2026\/02\/EAS-Logo-PNG-1.png","contentUrl":"https:\/\/eascholarships.se\/wp-content\/uploads\/2026\/02\/EAS-Logo-PNG-1.png","width":1024,"height":1024,"caption":"eascholarships"},"image":{"@id":"https:\/\/eascholarships.se\/#\/schema\/logo\/image\/"},"sameAs":["https:\/\/www.facebook.com\/profile.php?id=61561901686931"]}]}},"_links":{"self":[{"href":"https:\/\/eascholarships.se\/en\/wp-json\/wp\/v2\/pages\/9","targetHints":{"allow":["GET"]}}],"collection":[{"href":"https:\/\/eascholarships.se\/en\/wp-json\/wp\/v2\/pages"}],"about":[{"href":"https:\/\/eascholarships.se\/en\/wp-json\/wp\/v2\/types\/page"}],"author":[{"embeddable":true,"href":"https:\/\/eascholarships.se\/en\/wp-json\/wp\/v2\/users\/1"}],"replies":[{"embeddable":true,"href":"https:\/\/eascholarships.se\/en\/wp-json\/wp\/v2\/comments?post=9"}],"version-history":[{"count":63,"href":"https:\/\/eascholarships.se\/en\/wp-json\/wp\/v2\/pages\/9\/revisions"}],"predecessor-version":[{"id":892,"href":"https:\/\/eascholarships.se\/en\/wp-json\/wp\/v2\/pages\/9\/revisions\/892"}],"wp:attachment":[{"href":"https:\/\/eascholarships.se\/en\/wp-json\/wp\/v2\/media?parent=9"}],"curies":[{"name":"wp","href":"https:\/\/api.w.org\/{rel}","templated":true}]}}