{"id":34,"date":"2026-01-19T13:48:11","date_gmt":"2026-01-19T13:48:11","guid":{"rendered":"https:\/\/eascholarships.se\/om-oss\/"},"modified":"2026-03-02T12:28:37","modified_gmt":"2026-03-02T12:28:37","slug":"om-eas","status":"publish","type":"page","link":"https:\/\/eascholarships.se\/en\/om-eas\/","title":{"rendered":"ABOUT EAS"},"content":{"rendered":"<div class=\"wp-block-image is-style-default\">\n<figure class=\"aligncenter size-full is-resized has-custom-border\" style=\"margin-top:0;margin-bottom:0\"><img fetchpriority=\"high\" decoding=\"async\" width=\"1600\" height=\"1200\" src=\"https:\/\/eascholarships.se\/wp-content\/uploads\/2026\/01\/raby.jpg\" alt=\"\" class=\"wp-image-418\" style=\"border-style:none;border-width:0px;border-radius:0px;box-shadow:var(--wp--preset--shadow--deep-2);aspect-ratio:1.3157460840890354;width:459px;height:auto\" srcset=\"https:\/\/eascholarships.se\/wp-content\/uploads\/2026\/01\/raby.jpg 1600w, https:\/\/eascholarships.se\/wp-content\/uploads\/2026\/01\/raby-300x225.jpg 300w, https:\/\/eascholarships.se\/wp-content\/uploads\/2026\/01\/raby-1024x768.jpg 1024w, https:\/\/eascholarships.se\/wp-content\/uploads\/2026\/01\/raby-768x576.jpg 768w, https:\/\/eascholarships.se\/wp-content\/uploads\/2026\/01\/raby-1536x1152.jpg 1536w, https:\/\/eascholarships.se\/wp-content\/uploads\/2026\/01\/raby-1440x1080.jpg 1440w\" sizes=\"(max-width: 1600px) 100vw, 1600px\" \/><\/figure>\n<\/div>","protected":false},"excerpt":{"rendered":"","protected":false},"author":1,"featured_media":0,"parent":0,"menu_order":0,"comment_status":"closed","ping_status":"closed","template":"full-width","meta":{"saved_in_kubio":true,"footnotes":""},"class_list":["post-34","page","type-page","status-publish","hentry"],"kubio_ai_page_context":{"short_desc":"","purpose":"general"},"yoast_head":"<!-- This site is optimized with the Yoast SEO plugin v26.8 - https:\/\/yoast.com\/product\/yoast-seo-wordpress\/ -->\n<title>OM EAS - eascholarships<\/title>\n<meta name=\"description\" content=\"L\u00e4r k\u00e4nna Elite Athlete Scholarships \u2013 varf\u00f6r vi startade, v\u00e5rt uppdrag och hur vi hj\u00e4lper ungdomar hitta idrottsstipendier p\u00e5 college i USA.\" \/>\n<meta name=\"robots\" content=\"index, follow, max-snippet:-1, max-image-preview:large, max-video-preview:-1\" \/>\n<link rel=\"canonical\" href=\"https:\/\/eascholarships.se\/en\/om-eas\/\" \/>\n<meta property=\"og:locale\" content=\"en_US\" \/>\n<meta property=\"og:type\" content=\"article\" \/>\n<meta property=\"og:title\" content=\"OM EAS - eascholarships\" \/>\n<meta property=\"og:description\" content=\"L\u00e4r k\u00e4nna Elite Athlete Scholarships \u2013 varf\u00f6r vi startade, v\u00e5rt uppdrag och hur vi hj\u00e4lper ungdomar hitta idrottsstipendier p\u00e5 college i USA.\" \/>\n<meta property=\"og:url\" content=\"https:\/\/eascholarships.se\/en\/om-eas\/\" \/>\n<meta property=\"og:site_name\" content=\"eascholarships\" \/>\n<meta property=\"article:publisher\" content=\"https:\/\/www.facebook.com\/profile.php?id=61561901686931\" \/>\n<meta property=\"article:modified_time\" content=\"2026-03-02T12:28:37+00:00\" \/>\n<meta property=\"og:image\" content=\"https:\/\/eascholarships.se\/wp-content\/uploads\/2026\/01\/raby.jpg\" \/>\n\t<meta property=\"og:image:width\" content=\"1600\" \/>\n\t<meta property=\"og:image:height\" content=\"1200\" \/>\n\t<meta property=\"og:image:type\" content=\"image\/jpeg\" \/>\n<meta name=\"twitter:card\" content=\"summary_large_image\" \/>\n<script type=\"application\/ld+json\" class=\"yoast-schema-graph\">{\"@context\":\"https:\/\/schema.org\",\"@graph\":[{\"@type\":\"WebPage\",\"@id\":\"https:\/\/eascholarships.se\/om-eas\/\",\"url\":\"https:\/\/eascholarships.se\/om-eas\/\",\"name\":\"OM EAS - eascholarships\",\"isPartOf\":{\"@id\":\"https:\/\/eascholarships.se\/#website\"},\"primaryImageOfPage\":{\"@id\":\"https:\/\/eascholarships.se\/om-eas\/#primaryimage\"},\"image\":{\"@id\":\"https:\/\/eascholarships.se\/om-eas\/#primaryimage\"},\"thumbnailUrl\":\"https:\/\/eascholarships.se\/wp-content\/uploads\/2026\/01\/raby.jpg\",\"datePublished\":\"2026-01-19T13:48:11+00:00\",\"dateModified\":\"2026-03-02T12:28:37+00:00\",\"description\":\"L\u00e4r k\u00e4nna Elite Athlete Scholarships \u2013 varf\u00f6r vi startade, v\u00e5rt uppdrag och hur vi hj\u00e4lper ungdomar hitta idrottsstipendier p\u00e5 college i USA.\",\"breadcrumb\":{\"@id\":\"https:\/\/eascholarships.se\/om-eas\/#breadcrumb\"},\"inLanguage\":\"en-US\",\"potentialAction\":[{\"@type\":\"ReadAction\",\"target\":[\"https:\/\/eascholarships.se\/om-eas\/\"]}]},{\"@type\":\"ImageObject\",\"inLanguage\":\"en-US\",\"@id\":\"https:\/\/eascholarships.se\/om-eas\/#primaryimage\",\"url\":\"https:\/\/eascholarships.se\/wp-content\/uploads\/2026\/01\/raby.jpg\",\"contentUrl\":\"https:\/\/eascholarships.se\/wp-content\/uploads\/2026\/01\/raby.jpg\"},{\"@type\":\"BreadcrumbList\",\"@id\":\"https:\/\/eascholarships.se\/om-eas\/#breadcrumb\",\"itemListElement\":[{\"@type\":\"ListItem\",\"position\":1,\"name\":\"Hem\",\"item\":\"https:\/\/eascholarships.se\/\"},{\"@type\":\"ListItem\",\"position\":2,\"name\":\"OM EAS\"}]},{\"@type\":\"WebSite\",\"@id\":\"https:\/\/eascholarships.se\/#website\",\"url\":\"https:\/\/eascholarships.se\/\",\"name\":\"eascholarships\",\"description\":\"Where dreams, education, and sports come together\",\"publisher\":{\"@id\":\"https:\/\/eascholarships.se\/#organization\"},\"potentialAction\":[{\"@type\":\"SearchAction\",\"target\":{\"@type\":\"EntryPoint\",\"urlTemplate\":\"https:\/\/eascholarships.se\/?s={search_term_string}\"},\"query-input\":{\"@type\":\"PropertyValueSpecification\",\"valueRequired\":true,\"valueName\":\"search_term_string\"}}],\"inLanguage\":\"en-US\"},{\"@type\":\"Organization\",\"@id\":\"https:\/\/eascholarships.se\/#organization\",\"name\":\"eascholarships\",\"url\":\"https:\/\/eascholarships.se\/\",\"logo\":{\"@type\":\"ImageObject\",\"inLanguage\":\"en-US\",\"@id\":\"https:\/\/eascholarships.se\/#\/schema\/logo\/image\/\",\"url\":\"https:\/\/eascholarships.se\/wp-content\/uploads\/2026\/02\/EAS-Logo-PNG-1.png\",\"contentUrl\":\"https:\/\/eascholarships.se\/wp-content\/uploads\/2026\/02\/EAS-Logo-PNG-1.png\",\"width\":1024,\"height\":1024,\"caption\":\"eascholarships\"},\"image\":{\"@id\":\"https:\/\/eascholarships.se\/#\/schema\/logo\/image\/\"},\"sameAs\":[\"https:\/\/www.facebook.com\/profile.php?id=61561901686931\"]}]}<\/script>\n<!-- \/ Yoast SEO plugin. -->","yoast_head_json":{"title":"OM EAS - eascholarships","description":"L\u00e4r k\u00e4nna Elite Athlete Scholarships \u2013 varf\u00f6r vi startade, v\u00e5rt uppdrag och hur vi hj\u00e4lper ungdomar hitta idrottsstipendier p\u00e5 college i USA.","robots":{"index":"index","follow":"follow","max-snippet":"max-snippet:-1","max-image-preview":"max-image-preview:large","max-video-preview":"max-video-preview:-1"},"canonical":"https:\/\/eascholarships.se\/en\/om-eas\/","og_locale":"en_US","og_type":"article","og_title":"OM EAS - eascholarships","og_description":"L\u00e4r k\u00e4nna Elite Athlete Scholarships \u2013 varf\u00f6r vi startade, v\u00e5rt uppdrag och hur vi hj\u00e4lper ungdomar hitta idrottsstipendier p\u00e5 college i USA.","og_url":"https:\/\/eascholarships.se\/en\/om-eas\/","og_site_name":"eascholarships","article_publisher":"https:\/\/www.facebook.com\/profile.php?id=61561901686931","article_modified_time":"2026-03-02T12:28:37+00:00","og_image":[{"width":1600,"height":1200,"url":"https:\/\/eascholarships.se\/wp-content\/uploads\/2026\/01\/raby.jpg","type":"image\/jpeg"}],"twitter_card":"summary_large_image","schema":{"@context":"https:\/\/schema.org","@graph":[{"@type":"WebPage","@id":"https:\/\/eascholarships.se\/om-eas\/","url":"https:\/\/eascholarships.se\/om-eas\/","name":"OM EAS - eascholarships","isPartOf":{"@id":"https:\/\/eascholarships.se\/#website"},"primaryImageOfPage":{"@id":"https:\/\/eascholarships.se\/om-eas\/#primaryimage"},"image":{"@id":"https:\/\/eascholarships.se\/om-eas\/#primaryimage"},"thumbnailUrl":"https:\/\/eascholarships.se\/wp-content\/uploads\/2026\/01\/raby.jpg","datePublished":"2026-01-19T13:48:11+00:00","dateModified":"2026-03-02T12:28:37+00:00","description":"L\u00e4r k\u00e4nna Elite Athlete Scholarships \u2013 varf\u00f6r vi startade, v\u00e5rt uppdrag och hur vi hj\u00e4lper ungdomar hitta idrottsstipendier p\u00e5 college i USA.","breadcrumb":{"@id":"https:\/\/eascholarships.se\/om-eas\/#breadcrumb"},"inLanguage":"en-US","potentialAction":[{"@type":"ReadAction","target":["https:\/\/eascholarships.se\/om-eas\/"]}]},{"@type":"ImageObject","inLanguage":"en-US","@id":"https:\/\/eascholarships.se\/om-eas\/#primaryimage","url":"https:\/\/eascholarships.se\/wp-content\/uploads\/2026\/01\/raby.jpg","contentUrl":"https:\/\/eascholarships.se\/wp-content\/uploads\/2026\/01\/raby.jpg"},{"@type":"BreadcrumbList","@id":"https:\/\/eascholarships.se\/om-eas\/#breadcrumb","itemListElement":[{"@type":"ListItem","position":1,"name":"Hem","item":"https:\/\/eascholarships.se\/"},{"@type":"ListItem","position":2,"name":"OM EAS"}]},{"@type":"WebSite","@id":"https:\/\/eascholarships.se\/#website","url":"https:\/\/eascholarships.se\/","name":"eascholarships","description":"Where dreams, education, and sports come together","publisher":{"@id":"https:\/\/eascholarships.se\/#organization"},"potentialAction":[{"@type":"SearchAction","target":{"@type":"EntryPoint","urlTemplate":"https:\/\/eascholarships.se\/?s={search_term_string}"},"query-input":{"@type":"PropertyValueSpecification","valueRequired":true,"valueName":"search_term_string"}}],"inLanguage":"en-US"},{"@type":"Organization","@id":"https:\/\/eascholarships.se\/#organization","name":"eascholarships","url":"https:\/\/eascholarships.se\/","logo":{"@type":"ImageObject","inLanguage":"en-US","@id":"https:\/\/eascholarships.se\/#\/schema\/logo\/image\/","url":"https:\/\/eascholarships.se\/wp-content\/uploads\/2026\/02\/EAS-Logo-PNG-1.png","contentUrl":"https:\/\/eascholarships.se\/wp-content\/uploads\/2026\/02\/EAS-Logo-PNG-1.png","width":1024,"height":1024,"caption":"eascholarships"},"image":{"@id":"https:\/\/eascholarships.se\/#\/schema\/logo\/image\/"},"sameAs":["https:\/\/www.facebook.com\/profile.php?id=61561901686931"]}]}},"_links":{"self":[{"href":"https:\/\/eascholarships.se\/en\/wp-json\/wp\/v2\/pages\/34","targetHints":{"allow":["GET"]}}],"collection":[{"href":"https:\/\/eascholarships.se\/en\/wp-json\/wp\/v2\/pages"}],"about":[{"href":"https:\/\/eascholarships.se\/en\/wp-json\/wp\/v2\/types\/page"}],"author":[{"embeddable":true,"href":"https:\/\/eascholarships.se\/en\/wp-json\/wp\/v2\/users\/1"}],"replies":[{"embeddable":true,"href":"https:\/\/eascholarships.se\/en\/wp-json\/wp\/v2\/comments?post=34"}],"version-history":[{"count":25,"href":"https:\/\/eascholarships.se\/en\/wp-json\/wp\/v2\/pages\/34\/revisions"}],"predecessor-version":[{"id":877,"href":"https:\/\/eascholarships.se\/en\/wp-json\/wp\/v2\/pages\/34\/revisions\/877"}],"wp:attachment":[{"href":"https:\/\/eascholarships.se\/en\/wp-json\/wp\/v2\/media?parent=34"}],"curies":[{"name":"wp","href":"https:\/\/api.w.org\/{rel}","templated":true}]}}